{"id":220,"date":"2016-01-28T10:23:51","date_gmt":"2016-01-28T09:23:51","guid":{"rendered":"http:\/\/media-pro.com\/?page_id=220"},"modified":"2017-02-01T15:42:07","modified_gmt":"2017-02-01T14:42:07","slug":"mediapro","status":"publish","type":"page","link":"https:\/\/media-pro.com\/index.php\/mediapro\/","title":{"rendered":"MediaPro"},"content":{"rendered":"<div class=\"row \">\n<p style=\"text-align: left;\"><div class=\"span4 \"><section class=\"lazy-load-box trigger effect-slidefromleft \" data-delay=\"80\" data-speed=\"550\" style=\"-webkit-transition: all 550ms ease; -moz-transition: all 550ms ease; -ms-transition: all 550ms ease; -o-transition: all 550ms ease; transition: all 550ms ease;\"><\/section>\n<h4><span style=\"color: #ffffff;\"><strong><u>La cr\u00e9ativit\u00e9 en toute efficacit\u00e9<\/u><\/strong><\/span><\/h4>\n<p><strong>Soci\u00e9t\u00e9<\/strong><strong> de production audiovisuelle<\/strong>, M\u00e9dia Pro r\u00e9unit toutes les diff\u00e9rentes comp\u00e9tences indispensables \u00e0 la r\u00e9alisation de films de communication, spots publicitaires, reportages et documentaires.<\/p>\n<p><strong>Plus de 800 films r\u00e9alis\u00e9s<\/strong> depuis 1984, pour des entreprises ou collectivit\u00e9s locales, ont forg\u00e9 notre capacit\u00e9 \u00e0 transcrire une id\u00e9e, un concept ou un message, en langage cin\u00e9matographique.<\/p>\n<p><strong>Comme pour l'adaptation d'un roman<\/strong>, nous entrons dans l'univers de nos clients, dans leur culture et leur histoire, toujours uniques, pour pr\u00e9senter une illustration symbolique ou p\u00e9dagogique, pour informer ou cr\u00e9er le spectacle.<\/p>\n<p>De l\u2019id\u00e9e \u00e0 l\u2019image. La sensibilit\u00e9 de traitement du sujet est essentielle. Au del\u00e0 de la qualit\u00e9 technique, c\u2019est elle qui permet de transmettre l\u2019\u00e9motion, du rire aux larmes, de la surprise au questionnement\u2026<\/p><\/div>\n<p style=\"text-align: left;\"><div class=\"span4 \"><h4 style=\"text-align: left;\"><span style=\"color: #ffffff;\"><strong><u>R\u00e9activit\u00e9 et disponibilit\u00e9<\/u><\/strong><\/span><\/h4>\n<p>Media, production, professionnalisme. 3 termes forts qui r\u00e9sument les valeurs de M\u00e9dia Pro.<\/p>\n<p><strong>M\u00e9dia Pro investit<\/strong> tous les ans dans les technologies les plus r\u00e9centes. Une politique volontaire qui nous permet de disposer de tout l\u2019\u00e9quipement n\u00e9cessaire au tournage, au montage et aux encodages..<\/p><\/div>\n<p style=\"text-align: left;\"><div class=\"span4 \"><h4 style=\"text-align: left;\"><span style=\"color: #ffffff;\"><strong><u>Savoir-faire<\/u><\/strong><\/span><\/h4>\n<p><strong>Votre film sera unique, imaginons-le ensemble<\/strong><\/p>\n<p>Nous d\u00e9couvrons votre univers avant d'\u00e9crire le sc\u00e9nario. L'analyse pointue des objectifs, messages, publics et conditions de diffusion, nous permet une cr\u00e9ation efficace.<\/p>\n<p>L'expression artistique est mise au service de votre message.<br \/>\nEfficacit\u00e9, cr\u00e9ativit\u00e9, sensibilit\u00e9, \u00e9motions et originalit\u00e9\u2026<\/p>\n<p>Votre film n'existe pas encore, il sera unique. Imaginons-le ensemble. Vous validerez chaque \u00e9tape, chaque proposition. Nous conjuguerons rigueur et souplesse au service de votre projet. Notre mission, et nous l\u2019accepterons, sera d\u2019optimiser le budget que vous avez d\u00e9cid\u00e9 de consacrer \u00e0 votre film. Avec passion et fiert\u00e9, nous perp\u00e9tuerons l\u2019histoire du film d\u2019entreprise, commenc\u00e9e avec \u00abLa sortie des Usines Lumi\u00e8re\u00bb en 1885.<\/p><\/div>\n<\/div><!-- .row (end) -->\n<div class=\"content_box extrabox_1 \"><div class=\"clear\"><\/div><\/div><!-- .content_box (end) -->\n","protected":false},"excerpt":{"rendered":"","protected":false},"author":1,"featured_media":0,"parent":0,"menu_order":0,"comment_status":"closed","ping_status":"closed","template":"page-home.php","meta":[],"_links":{"self":[{"href":"https:\/\/media-pro.com\/index.php\/wp-json\/wp\/v2\/pages\/220"}],"collection":[{"href":"https:\/\/media-pro.com\/index.php\/wp-json\/wp\/v2\/pages"}],"about":[{"href":"https:\/\/media-pro.com\/index.php\/wp-json\/wp\/v2\/types\/page"}],"author":[{"embeddable":true,"href":"https:\/\/media-pro.com\/index.php\/wp-json\/wp\/v2\/users\/1"}],"replies":[{"embeddable":true,"href":"https:\/\/media-pro.com\/index.php\/wp-json\/wp\/v2\/comments?post=220"}],"version-history":[{"count":1,"href":"https:\/\/media-pro.com\/index.php\/wp-json\/wp\/v2\/pages\/220\/revisions"}],"predecessor-version":[{"id":421,"href":"https:\/\/media-pro.com\/index.php\/wp-json\/wp\/v2\/pages\/220\/revisions\/421"}],"wp:attachment":[{"href":"https:\/\/media-pro.com\/index.php\/wp-json\/wp\/v2\/media?parent=220"}],"curies":[{"name":"wp","href":"https:\/\/api.w.org\/{rel}","templated":true}]}}