{"id":223,"date":"2016-01-28T10:30:53","date_gmt":"2016-01-28T09:30:53","guid":{"rendered":"http:\/\/media-pro.com\/?page_id=223"},"modified":"2016-05-11T10:25:37","modified_gmt":"2016-05-11T09:25:37","slug":"references-3","status":"publish","type":"page","link":"https:\/\/media-pro.com\/index.php\/references-3\/","title":{"rendered":"R\u00e9f\u00e9rences"},"content":{"rendered":"<p style=\"text-align: center;\"><span style=\"color: #ffffff;\"><img decoding=\"async\" loading=\"lazy\" class=\"alignnone wp-image-379\" src=\"http:\/\/media-pro.com\/wp-content\/uploads\/2016\/01\/logos-1-4.png\" alt=\"logos 1\" width=\"1209\" height=\"382\" \/><\/p>\n<div  class=\"mp-row-fluid motopress-row\"><\/span><\/p>\n<h5 style=\"text-align: center;\"><span style=\"color: #ffffff;\">[\/mp_span]<\/span><\/h5>\n<h4 style=\"text-align: center;\"><span style=\"color: #ffffff;\">Et des films diffus\u00e9s sur BBC, TF1, ABC News, Arte, TLM, TV Globo, Italia Films...<\/span><br \/>\n<span style=\"color: #ffffff;\"> des films prim\u00e9s \u00e0 T\u00e9l\u00e9filmed, aux entretiens de Bichat, aux Deauville Green Awards,<\/span><br \/>\n<span style=\"color: #ffffff;\">au Web Programm Festival, au Fimbacte, festival Mauriac... <\/div>\n<p><\/span><\/h4>\n<p style=\"text-align: center;\"><span style=\"color: #ffffff;\">\u00a0<\/span><\/p>\n","protected":false},"excerpt":{"rendered":"\u00a0","protected":false},"author":1,"featured_media":0,"parent":0,"menu_order":0,"comment_status":"closed","ping_status":"closed","template":"page-home.php","meta":[],"_links":{"self":[{"href":"https:\/\/media-pro.com\/index.php\/wp-json\/wp\/v2\/pages\/223"}],"collection":[{"href":"https:\/\/media-pro.com\/index.php\/wp-json\/wp\/v2\/pages"}],"about":[{"href":"https:\/\/media-pro.com\/index.php\/wp-json\/wp\/v2\/types\/page"}],"author":[{"embeddable":true,"href":"https:\/\/media-pro.com\/index.php\/wp-json\/wp\/v2\/users\/1"}],"replies":[{"embeddable":true,"href":"https:\/\/media-pro.com\/index.php\/wp-json\/wp\/v2\/comments?post=223"}],"version-history":[{"count":8,"href":"https:\/\/media-pro.com\/index.php\/wp-json\/wp\/v2\/pages\/223\/revisions"}],"predecessor-version":[{"id":380,"href":"https:\/\/media-pro.com\/index.php\/wp-json\/wp\/v2\/pages\/223\/revisions\/380"}],"wp:attachment":[{"href":"https:\/\/media-pro.com\/index.php\/wp-json\/wp\/v2\/media?parent=223"}],"curies":[{"name":"wp","href":"https:\/\/api.w.org\/{rel}","templated":true}]}}