{"id":294,"date":"2016-01-28T16:05:12","date_gmt":"2016-01-28T15:05:12","guid":{"rendered":"http:\/\/media-pro.com\/?page_id=294"},"modified":"2023-06-15T18:19:58","modified_gmt":"2023-06-15T17:19:58","slug":"mentions-legales","status":"publish","type":"page","link":"https:\/\/media-pro.com\/index.php\/mentions-legales\/","title":{"rendered":"MENTIONS LEGALES"},"content":{"rendered":"<div align=\"center\">\n<h3 style=\"text-align: left;\">MENTIONS LEGALES<\/h3>\n<\/div>\n<div style=\"text-align: left;\" align=\"Left\">\n<h5>Soci\u00e9t\u00e9 coop\u00e9rative et participative au capital variable de 50\u00a0200 \u20ac.<br \/>\nRCS LYON B 330\u00a0567\u00a0363<br \/>\nNum\u00e9ro de TVA intracommunautaire\u00a0: FR 00330567363<br \/>\nSi\u00e8ge social : 30 place du Suel 69 700 GIVORS<br \/>\nDirecteur de la publication\u00a0: J\u00e9r\u00f4me Surroca<\/h5>\n<\/div>\n<div align=\"center\">\n<h5 style=\"text-align: left;\">M\u00e9dia Pro a ouvert ce site pour l\u2019information personnelle de ses utilisateurs. Aucune exploitation commerciale m\u00eame partielle des donn\u00e9es qui y sont pr\u00e9sent\u00e9es ne pourra \u00eatre effectu\u00e9e sans l\u2019accord pr\u00e9alable et \u00e9crit de M\u00e9dia Pro.<br \/>\nLa pr\u00e9sentation et le contenu du pr\u00e9sent site, constituent ensemble, une \u0153uvre prot\u00e9g\u00e9e par les lois en vigueur sur la propri\u00e9t\u00e9 intellectuelle, dont M\u00e9dia Pro est titulaire. Aucune reproduction et\/ou repr\u00e9sentation, partielle ou int\u00e9grale, ne pourra en \u00eatre faite sans l\u2019accord pr\u00e9alable et \u00e9crit de M\u00e9dia Pro.<br \/>\nLes dessins, photographies, images, textes, s\u00e9quences anim\u00e9es sonores ou non, et d\u2019autres documentations repr\u00e9sent\u00e9s sur le pr\u00e9sent site Internet sont objets de droits de propri\u00e9t\u00e9 industrielle et\/ou intellectuelle et sont, selon les cas, propri\u00e9t\u00e9 de M\u00e9dia Pro ou de tiers ayant autoris\u00e9 limitativement M\u00e9dia Pro \u00e0 les utiliser.<br \/>\nA ce titre, toute reproduction, repr\u00e9sentation, adaptation, traduction et\/ou transformation, partielle ou int\u00e9grale, ou transfert sur un autre site, est interdit. La copie \u00e0 usage priv\u00e9 de ces diff\u00e9rents objets de droits est autoris\u00e9e.<br \/>\nLeur reproduction partielle ou int\u00e9grale, sans l\u2019accord pr\u00e9alable et \u00e9crit de M\u00e9dia Pro est strictement interdite, \u00e0 l\u2019exception de celle r\u00e9alis\u00e9e pour les besoins de la presse.<br \/>\nLes informations contenues dans ce site ne lient pas contractuellement M\u00e9dia Pro.<\/h5>\n<\/div>\n","protected":false},"excerpt":{"rendered":"MENTIONS LEGALES Soci\u00e9t\u00e9 coop\u00e9rative et participative au capital variable de 50\u00a0200 \u20ac. RCS LYON B 330\u00a0567\u00a0363 Num\u00e9ro de TVA intracommunautaire\u00a0: FR 00330567363 Si\u00e8ge social : 30 place du Suel 69 700 GIVORS Directeur de la publication\u00a0: J\u00e9r\u00f4me Surroca M\u00e9dia Pro a ouvert ce site pour l\u2019information personnelle de ses utilisateurs. Aucune exploitation commerciale m\u00eame partielle des donn\u00e9es qui y sont&nbsp;<a href=\"https:\/\/media-pro.com\/index.php\/mentions-legales\/\" class=\"read-more\">Lire la suite<\/a>","protected":false},"author":1,"featured_media":0,"parent":0,"menu_order":0,"comment_status":"closed","ping_status":"closed","template":"page-fullwidth.php","meta":[],"_links":{"self":[{"href":"https:\/\/media-pro.com\/index.php\/wp-json\/wp\/v2\/pages\/294"}],"collection":[{"href":"https:\/\/media-pro.com\/index.php\/wp-json\/wp\/v2\/pages"}],"about":[{"href":"https:\/\/media-pro.com\/index.php\/wp-json\/wp\/v2\/types\/page"}],"author":[{"embeddable":true,"href":"https:\/\/media-pro.com\/index.php\/wp-json\/wp\/v2\/users\/1"}],"replies":[{"embeddable":true,"href":"https:\/\/media-pro.com\/index.php\/wp-json\/wp\/v2\/comments?post=294"}],"version-history":[{"count":2,"href":"https:\/\/media-pro.com\/index.php\/wp-json\/wp\/v2\/pages\/294\/revisions"}],"predecessor-version":[{"id":434,"href":"https:\/\/media-pro.com\/index.php\/wp-json\/wp\/v2\/pages\/294\/revisions\/434"}],"wp:attachment":[{"href":"https:\/\/media-pro.com\/index.php\/wp-json\/wp\/v2\/media?parent=294"}],"curies":[{"name":"wp","href":"https:\/\/api.w.org\/{rel}","templated":true}]}}